{"id":7387,"date":"2025-11-09T23:07:06","date_gmt":"2025-11-09T23:07:06","guid":{"rendered":"https:\/\/atlantisdilkursu.com\/events\/"},"modified":"2025-11-09T23:07:06","modified_gmt":"2025-11-09T23:07:06","slug":"events","status":"publish","type":"page","link":"https:\/\/atlantisdilkursu.com\/tr\/events\/","title":{"rendered":"Etkinlikler"},"content":{"rendered":"<p>\u0130\u00c7\u0130NDEK\u0130LER<\/p>","protected":false},"excerpt":{"rendered":"<p>\u0130\u00c7\u0130NDEK\u0130LER<\/p>","protected":false},"author":1,"featured_media":0,"parent":0,"menu_order":0,"comment_status":"closed","ping_status":"open","template":"","meta":{"footnotes":""},"class_list":["post-7387","page","type-page","status-publish","hentry"],"yoast_head":"<!-- This site is optimized with the Yoast SEO plugin v27.5 - https:\/\/yoast.com\/product\/yoast-seo-wordpress\/ -->\n<title>Events - Atlantis Dil Kursu<\/title>\n<meta name=\"robots\" content=\"index, follow, max-snippet:-1, max-image-preview:large, max-video-preview:-1\" \/>\n<link rel=\"canonical\" href=\"https:\/\/atlantisdilkursu.com\/tr\/events\/\" \/>\n<meta property=\"og:locale\" content=\"tr_TR\" \/>\n<meta property=\"og:type\" content=\"article\" \/>\n<meta property=\"og:title\" content=\"Events - Atlantis Dil Kursu\" \/>\n<meta property=\"og:description\" content=\"CONTENTS\" \/>\n<meta property=\"og:url\" content=\"https:\/\/atlantisdilkursu.com\/tr\/events\/\" \/>\n<meta property=\"og:site_name\" content=\"Atlantis Dil Kursu\" \/>\n<meta name=\"twitter:card\" content=\"summary_large_image\" \/>\n<script type=\"application\/ld+json\" class=\"yoast-schema-graph\">{\"@context\":\"https:\\\/\\\/schema.org\",\"@graph\":[{\"@type\":\"WebPage\",\"@id\":\"https:\\\/\\\/atlantisdilkursu.com\\\/events\\\/\",\"url\":\"https:\\\/\\\/atlantisdilkursu.com\\\/events\\\/\",\"name\":\"Events - Atlantis Dil Kursu\",\"isPartOf\":{\"@id\":\"https:\\\/\\\/atlantisdilkursu.com\\\/#website\"},\"datePublished\":\"2025-11-09T23:07:06+00:00\",\"breadcrumb\":{\"@id\":\"https:\\\/\\\/atlantisdilkursu.com\\\/events\\\/#breadcrumb\"},\"inLanguage\":\"tr\",\"potentialAction\":[{\"@type\":\"ReadAction\",\"target\":[\"https:\\\/\\\/atlantisdilkursu.com\\\/events\\\/\"]}]},{\"@type\":\"BreadcrumbList\",\"@id\":\"https:\\\/\\\/atlantisdilkursu.com\\\/events\\\/#breadcrumb\",\"itemListElement\":[{\"@type\":\"ListItem\",\"position\":1,\"name\":\"Home\",\"item\":\"https:\\\/\\\/atlantisdilkursu.com\\\/\"},{\"@type\":\"ListItem\",\"position\":2,\"name\":\"Events\"}]},{\"@type\":\"WebSite\",\"@id\":\"https:\\\/\\\/atlantisdilkursu.com\\\/#website\",\"url\":\"https:\\\/\\\/atlantisdilkursu.com\\\/\",\"name\":\"Atlantis Dil Kursu\",\"description\":\"Almanya'da Hem\u015fire Olarak &Ccedil;al\u0131\u015fmak.\",\"publisher\":{\"@id\":\"https:\\\/\\\/atlantisdilkursu.com\\\/#organization\"},\"potentialAction\":[{\"@type\":\"SearchAction\",\"target\":{\"@type\":\"EntryPoint\",\"urlTemplate\":\"https:\\\/\\\/atlantisdilkursu.com\\\/?s={search_term_string}\"},\"query-input\":{\"@type\":\"PropertyValueSpecification\",\"valueRequired\":true,\"valueName\":\"search_term_string\"}}],\"inLanguage\":\"tr\"},{\"@type\":\"Organization\",\"@id\":\"https:\\\/\\\/atlantisdilkursu.com\\\/#organization\",\"name\":\"Atlantis Dil Kursu\",\"url\":\"https:\\\/\\\/atlantisdilkursu.com\\\/\",\"logo\":{\"@type\":\"ImageObject\",\"inLanguage\":\"tr\",\"@id\":\"https:\\\/\\\/atlantisdilkursu.com\\\/#\\\/schema\\\/logo\\\/image\\\/\",\"url\":\"https:\\\/\\\/atlantisdilkursu.com\\\/wp-content\\\/uploads\\\/2025\\\/05\\\/cropped-Logo-Atlantis-Dilkursu.png\",\"contentUrl\":\"https:\\\/\\\/atlantisdilkursu.com\\\/wp-content\\\/uploads\\\/2025\\\/05\\\/cropped-Logo-Atlantis-Dilkursu.png\",\"width\":989,\"height\":753,\"caption\":\"Atlantis Dil Kursu\"},\"image\":{\"@id\":\"https:\\\/\\\/atlantisdilkursu.com\\\/#\\\/schema\\\/logo\\\/image\\\/\"}}]}<\/script>\n<!-- \/ Yoast SEO plugin. -->","yoast_head_json":{"title":"Events - Atlantis Dil Kursu","robots":{"index":"index","follow":"follow","max-snippet":"max-snippet:-1","max-image-preview":"max-image-preview:large","max-video-preview":"max-video-preview:-1"},"canonical":"https:\/\/atlantisdilkursu.com\/tr\/events\/","og_locale":"tr_TR","og_type":"article","og_title":"Events - Atlantis Dil Kursu","og_description":"CONTENTS","og_url":"https:\/\/atlantisdilkursu.com\/tr\/events\/","og_site_name":"Atlantis Dil Kursu","twitter_card":"summary_large_image","schema":{"@context":"https:\/\/schema.org","@graph":[{"@type":"WebPage","@id":"https:\/\/atlantisdilkursu.com\/events\/","url":"https:\/\/atlantisdilkursu.com\/events\/","name":"Events - Atlantis Dil Kursu","isPartOf":{"@id":"https:\/\/atlantisdilkursu.com\/#website"},"datePublished":"2025-11-09T23:07:06+00:00","breadcrumb":{"@id":"https:\/\/atlantisdilkursu.com\/events\/#breadcrumb"},"inLanguage":"tr","potentialAction":[{"@type":"ReadAction","target":["https:\/\/atlantisdilkursu.com\/events\/"]}]},{"@type":"BreadcrumbList","@id":"https:\/\/atlantisdilkursu.com\/events\/#breadcrumb","itemListElement":[{"@type":"ListItem","position":1,"name":"Home","item":"https:\/\/atlantisdilkursu.com\/"},{"@type":"ListItem","position":2,"name":"Events"}]},{"@type":"WebSite","@id":"https:\/\/atlantisdilkursu.com\/#website","url":"https:\/\/atlantisdilkursu.com\/","name":"Atlantis Dil Kursu","description":"Almanya'da Hem\u015fire Olarak \u00c7al\u0131\u015fmak.","publisher":{"@id":"https:\/\/atlantisdilkursu.com\/#organization"},"potentialAction":[{"@type":"SearchAction","target":{"@type":"EntryPoint","urlTemplate":"https:\/\/atlantisdilkursu.com\/?s={search_term_string}"},"query-input":{"@type":"PropertyValueSpecification","valueRequired":true,"valueName":"search_term_string"}}],"inLanguage":"tr"},{"@type":"Organization","@id":"https:\/\/atlantisdilkursu.com\/#organization","name":"Atlantis Dil Kursu","url":"https:\/\/atlantisdilkursu.com\/","logo":{"@type":"ImageObject","inLanguage":"tr","@id":"https:\/\/atlantisdilkursu.com\/#\/schema\/logo\/image\/","url":"https:\/\/atlantisdilkursu.com\/wp-content\/uploads\/2025\/05\/cropped-Logo-Atlantis-Dilkursu.png","contentUrl":"https:\/\/atlantisdilkursu.com\/wp-content\/uploads\/2025\/05\/cropped-Logo-Atlantis-Dilkursu.png","width":989,"height":753,"caption":"Atlantis Dil Kursu"},"image":{"@id":"https:\/\/atlantisdilkursu.com\/#\/schema\/logo\/image\/"}}]}},"_links":{"self":[{"href":"https:\/\/atlantisdilkursu.com\/tr\/wp-json\/wp\/v2\/pages\/7387","targetHints":{"allow":["GET"]}}],"collection":[{"href":"https:\/\/atlantisdilkursu.com\/tr\/wp-json\/wp\/v2\/pages"}],"about":[{"href":"https:\/\/atlantisdilkursu.com\/tr\/wp-json\/wp\/v2\/types\/page"}],"author":[{"embeddable":true,"href":"https:\/\/atlantisdilkursu.com\/tr\/wp-json\/wp\/v2\/users\/1"}],"replies":[{"embeddable":true,"href":"https:\/\/atlantisdilkursu.com\/tr\/wp-json\/wp\/v2\/comments?post=7387"}],"version-history":[{"count":0,"href":"https:\/\/atlantisdilkursu.com\/tr\/wp-json\/wp\/v2\/pages\/7387\/revisions"}],"wp:attachment":[{"href":"https:\/\/atlantisdilkursu.com\/tr\/wp-json\/wp\/v2\/media?parent=7387"}],"curies":[{"name":"wp","href":"https:\/\/api.w.org\/{rel}","templated":true}]}}