{"id":6575,"date":"2025-05-04T08:30:53","date_gmt":"2025-05-04T08:30:53","guid":{"rendered":"https:\/\/atlantisdilkursu.com\/?page_id=6575"},"modified":"2025-05-07T17:03:25","modified_gmt":"2025-05-07T17:03:25","slug":"projekte-2","status":"publish","type":"page","link":"https:\/\/atlantisdilkursu.com\/tr\/projekte-2\/","title":{"rendered":"PROJELER"},"content":{"rendered":"<div data-elementor-type=\"wp-page\" data-elementor-id=\"6575\" class=\"elementor elementor-6575\">\n\t\t\t\t<div class=\"elementor-element elementor-element-b3684de e-flex e-con-boxed e-con e-parent\" data-id=\"b3684de\" data-element_type=\"container\" data-e-type=\"container\">\n\t\t\t\t\t<div class=\"e-con-inner\">\n\t\t\t\t<div class=\"elementor-element elementor-element-9692c88 elementor-widget elementor-widget-edcare_blog_post\" data-id=\"9692c88\" data-element_type=\"widget\" data-e-type=\"widget\" data-widget_type=\"edcare_blog_post.default\">\n\t\t\t\t<div class=\"elementor-widget-container\">\n\t\t\t\t\t\r\n            \r\n                <section class=\"edcare-el-section blog-section pt-120 pb-120\">\r\n                    <div class=\"container\">\r\n                                                    <div class=\"section-heading text-center\">\r\n                                                                    <h4 class=\"edcare-el-section-subheading sub-heading wow fade-in-bottom\" data-wow-delay=\"200ms\">\r\n                                                                                    <span class=\"heading-icon\">\r\n                                                <i aria-hidden=\"true\" class=\"fas fa-star solid\"><\/i>                                            <\/span>\r\n                                                                                Dil \u00f6\u011frenimini gelecekle birle\u015ftiriyoruz.                                    <\/h4>\r\n                                                                                                    <h2 class=\"edcare-el-section-title section-title wow fade-in-bottom\" data-wow-delay=\"400ms\">\r\n                                        \u00c7e\u015fitli projelerimiz ve insanlar\u0131n Almanya'daki hedeflerini ger\u00e7ekle\u015ftirmelerine nas\u0131l yard\u0131mc\u0131 oldu\u011fumuz hakk\u0131nda daha fazla bilgi edinin.                                    <\/h2>\r\n                                                            <\/div>\r\n                                                <div class=\"row gy-md-0 gy-4\">\r\n                                                                                            <div class=\"col-md-6\">\r\n                                    <div class=\"post-card post-card-1 wow fade-in-bottom\" data-wow-delay=\"100ms\">\r\n                                        <div class=\"post-thumb\">\r\n                                            <img fetchpriority=\"high\" decoding=\"async\" width=\"2048\" height=\"1536\" src=\"https:\/\/atlantisdilkursu.com\/wp-content\/uploads\/2025\/05\/WhatsApp-Image-2025-02-10-at-23.12.02-3.jpeg\" class=\"attachment-full size-full wp-post-image\" alt=\"\" \/>                                        <\/div>\r\n                                        <div class=\"post-content-wrap\">\r\n                                            <div class=\"post-content\">\r\n                                                <span class=\"category\">E\u011fitim<\/span>                                                <h3 class=\"title\">\r\n                                                    <a href=\"https:\/\/atlantisdilkursu.com\/tr\/fachkraefte\/\">\r\n                                                        Uzmanlar                                                    <\/a>\r\n                                                <\/h3>\r\n                                                <ul class=\"post-meta\">\r\n                                                    <li><i class=\"fa-sharp fa-regular fa-clock\"><\/i>5 May\u0131s 2025<\/li>\r\n                                                                                                    <\/ul>\r\n                                            <\/div>\r\n                                        <\/div>\r\n                                    <\/div>\r\n                                <\/div>\r\n                                                                                                <div class=\"col-md-6\">\r\n                                    <div class=\"post-card post-card-1 wow fade-in-bottom\" data-wow-delay=\"200ms\">\r\n                                        <div class=\"post-thumb\">\r\n                                            <img decoding=\"async\" width=\"2016\" height=\"1512\" src=\"https:\/\/atlantisdilkursu.com\/wp-content\/uploads\/2025\/05\/WhatsApp-Image-2025-02-10-at-22.57.25-1.jpeg\" class=\"attachment-full size-full wp-post-image\" alt=\"\" \/>                                        <\/div>\r\n                                        <div class=\"post-content-wrap\">\r\n                                            <div class=\"post-content\">\r\n                                                <span class=\"category\">E\u011fitim<\/span>                                                <h3 class=\"title\">\r\n                                                    <a href=\"https:\/\/atlantisdilkursu.com\/tr\/azubis\/\">\r\n                                                        \u00c7\u0131raklar                                                    <\/a>\r\n                                                <\/h3>\r\n                                                <ul class=\"post-meta\">\r\n                                                    <li><i class=\"fa-sharp fa-regular fa-clock\"><\/i>12 Aral\u0131k 2024<\/li>\r\n                                                                                                    <\/ul>\r\n                                            <\/div>\r\n                                        <\/div>\r\n                                    <\/div>\r\n                                <\/div>\r\n                                                                                                                    <\/div>\r\n                    <\/div>\r\n                <\/section>\r\n\r\n                        \r\n       \t\t\t\t<\/div>\n\t\t\t\t<\/div>\n\t\t\t\t\t<\/div>\n\t\t\t\t<\/div>\n\t\t\t\t<\/div>","protected":false},"excerpt":{"rendered":"<p>Dil \u00f6\u011frenimini bir gelecekle birle\u015ftiriyoruz. \u00c7e\u015fitli projelerimiz ve insanlar\u0131n Almanya'daki hedeflerini ger\u00e7ekle\u015ftirmelerine nas\u0131l yard\u0131mc\u0131 oldu\u011fumuz hakk\u0131nda daha fazla bilgi edinin. Geli\u015fim Stajyerleri 12 Aral\u0131k 2024 Bilim Geli\u015fim Profesyonelleri 12 Aral\u0131k 2024 Sanat<\/p>","protected":false},"author":1,"featured_media":0,"parent":0,"menu_order":0,"comment_status":"closed","ping_status":"closed","template":"","meta":{"footnotes":""},"class_list":["post-6575","page","type-page","status-publish","hentry"],"yoast_head":"<!-- This site is optimized with the Yoast SEO plugin v27.4 - https:\/\/yoast.com\/product\/yoast-seo-wordpress\/ -->\n<title>PROJEKTE - Atlantis Dil Kursu<\/title>\n<meta name=\"robots\" content=\"index, follow, max-snippet:-1, max-image-preview:large, max-video-preview:-1\" \/>\n<link rel=\"canonical\" href=\"https:\/\/atlantisdilkursu.com\/tr\/projekte-2\/\" \/>\n<meta property=\"og:locale\" content=\"tr_TR\" \/>\n<meta property=\"og:type\" content=\"article\" \/>\n<meta property=\"og:title\" content=\"PROJEKTE - Atlantis Dil Kursu\" \/>\n<meta property=\"og:description\" content=\"Wir verbinden Sprachenlernen mit Zukunft. Erfahren Sie mehr \u00fcber unsere vielf\u00e4ltigen Projekte und wie wir Menschen helfen, ihre Ziele in Deutschland zu verwirklichen. Development Azubis December 12, 2024 Science Development Fachkr\u00e4fte December 12, 2024 Arts\" \/>\n<meta property=\"og:url\" content=\"https:\/\/atlantisdilkursu.com\/tr\/projekte-2\/\" \/>\n<meta property=\"og:site_name\" content=\"Atlantis Dil Kursu\" \/>\n<meta property=\"article:modified_time\" content=\"2025-05-07T17:03:25+00:00\" \/>\n<meta property=\"og:image\" content=\"https:\/\/atlantisdilkursu.com\/wp-content\/uploads\/2025\/05\/WhatsApp-Image-2025-02-10-at-23.00.31-1.jpeg\" \/>\n<meta name=\"twitter:card\" content=\"summary_large_image\" \/>\n<script type=\"application\/ld+json\" class=\"yoast-schema-graph\">{\"@context\":\"https:\\\/\\\/schema.org\",\"@graph\":[{\"@type\":\"WebPage\",\"@id\":\"https:\\\/\\\/atlantisdilkursu.com\\\/projekte-2\\\/\",\"url\":\"https:\\\/\\\/atlantisdilkursu.com\\\/projekte-2\\\/\",\"name\":\"PROJEKTE - Atlantis Dil Kursu\",\"isPartOf\":{\"@id\":\"https:\\\/\\\/atlantisdilkursu.com\\\/#website\"},\"primaryImageOfPage\":{\"@id\":\"https:\\\/\\\/atlantisdilkursu.com\\\/projekte-2\\\/#primaryimage\"},\"image\":{\"@id\":\"https:\\\/\\\/atlantisdilkursu.com\\\/projekte-2\\\/#primaryimage\"},\"thumbnailUrl\":\"https:\\\/\\\/atlantisdilkursu.com\\\/wp-content\\\/uploads\\\/2025\\\/05\\\/WhatsApp-Image-2025-02-10-at-23.00.31-1.jpeg\",\"datePublished\":\"2025-05-04T08:30:53+00:00\",\"dateModified\":\"2025-05-07T17:03:25+00:00\",\"breadcrumb\":{\"@id\":\"https:\\\/\\\/atlantisdilkursu.com\\\/projekte-2\\\/#breadcrumb\"},\"inLanguage\":\"tr\",\"potentialAction\":[{\"@type\":\"ReadAction\",\"target\":[\"https:\\\/\\\/atlantisdilkursu.com\\\/projekte-2\\\/\"]}]},{\"@type\":\"ImageObject\",\"inLanguage\":\"tr\",\"@id\":\"https:\\\/\\\/atlantisdilkursu.com\\\/projekte-2\\\/#primaryimage\",\"url\":\"https:\\\/\\\/atlantisdilkursu.com\\\/wp-content\\\/uploads\\\/2025\\\/05\\\/WhatsApp-Image-2025-02-10-at-23.00.31-1.jpeg\",\"contentUrl\":\"https:\\\/\\\/atlantisdilkursu.com\\\/wp-content\\\/uploads\\\/2025\\\/05\\\/WhatsApp-Image-2025-02-10-at-23.00.31-1.jpeg\"},{\"@type\":\"BreadcrumbList\",\"@id\":\"https:\\\/\\\/atlantisdilkursu.com\\\/projekte-2\\\/#breadcrumb\",\"itemListElement\":[{\"@type\":\"ListItem\",\"position\":1,\"name\":\"Home\",\"item\":\"https:\\\/\\\/atlantisdilkursu.com\\\/\"},{\"@type\":\"ListItem\",\"position\":2,\"name\":\"PROJEKTE\"}]},{\"@type\":\"WebSite\",\"@id\":\"https:\\\/\\\/atlantisdilkursu.com\\\/#website\",\"url\":\"https:\\\/\\\/atlantisdilkursu.com\\\/\",\"name\":\"Atlantis Dil Kursu\",\"description\":\"Almanya'da Hem\u015fire Olarak &Ccedil;al\u0131\u015fmak.\",\"publisher\":{\"@id\":\"https:\\\/\\\/atlantisdilkursu.com\\\/#organization\"},\"potentialAction\":[{\"@type\":\"SearchAction\",\"target\":{\"@type\":\"EntryPoint\",\"urlTemplate\":\"https:\\\/\\\/atlantisdilkursu.com\\\/?s={search_term_string}\"},\"query-input\":{\"@type\":\"PropertyValueSpecification\",\"valueRequired\":true,\"valueName\":\"search_term_string\"}}],\"inLanguage\":\"tr\"},{\"@type\":\"Organization\",\"@id\":\"https:\\\/\\\/atlantisdilkursu.com\\\/#organization\",\"name\":\"Atlantis Dil Kursu\",\"url\":\"https:\\\/\\\/atlantisdilkursu.com\\\/\",\"logo\":{\"@type\":\"ImageObject\",\"inLanguage\":\"tr\",\"@id\":\"https:\\\/\\\/atlantisdilkursu.com\\\/#\\\/schema\\\/logo\\\/image\\\/\",\"url\":\"https:\\\/\\\/atlantisdilkursu.com\\\/wp-content\\\/uploads\\\/2025\\\/05\\\/cropped-Logo-Atlantis-Dilkursu.png\",\"contentUrl\":\"https:\\\/\\\/atlantisdilkursu.com\\\/wp-content\\\/uploads\\\/2025\\\/05\\\/cropped-Logo-Atlantis-Dilkursu.png\",\"width\":989,\"height\":753,\"caption\":\"Atlantis Dil Kursu\"},\"image\":{\"@id\":\"https:\\\/\\\/atlantisdilkursu.com\\\/#\\\/schema\\\/logo\\\/image\\\/\"}}]}<\/script>\n<!-- \/ Yoast SEO plugin. -->","yoast_head_json":{"title":"PROJELER - Atlantis Dil Kursu","robots":{"index":"index","follow":"follow","max-snippet":"max-snippet:-1","max-image-preview":"max-image-preview:large","max-video-preview":"max-video-preview:-1"},"canonical":"https:\/\/atlantisdilkursu.com\/tr\/projekte-2\/","og_locale":"tr_TR","og_type":"article","og_title":"PROJEKTE - Atlantis Dil Kursu","og_description":"Wir verbinden Sprachenlernen mit Zukunft. Erfahren Sie mehr \u00fcber unsere vielf\u00e4ltigen Projekte und wie wir Menschen helfen, ihre Ziele in Deutschland zu verwirklichen. Development Azubis December 12, 2024 Science Development Fachkr\u00e4fte December 12, 2024 Arts","og_url":"https:\/\/atlantisdilkursu.com\/tr\/projekte-2\/","og_site_name":"Atlantis Dil Kursu","article_modified_time":"2025-05-07T17:03:25+00:00","og_image":[{"url":"https:\/\/atlantisdilkursu.com\/wp-content\/uploads\/2025\/05\/WhatsApp-Image-2025-02-10-at-23.00.31-1.jpeg","type":"","width":"","height":""}],"twitter_card":"summary_large_image","schema":{"@context":"https:\/\/schema.org","@graph":[{"@type":"WebPage","@id":"https:\/\/atlantisdilkursu.com\/projekte-2\/","url":"https:\/\/atlantisdilkursu.com\/projekte-2\/","name":"PROJELER - Atlantis Dil Kursu","isPartOf":{"@id":"https:\/\/atlantisdilkursu.com\/#website"},"primaryImageOfPage":{"@id":"https:\/\/atlantisdilkursu.com\/projekte-2\/#primaryimage"},"image":{"@id":"https:\/\/atlantisdilkursu.com\/projekte-2\/#primaryimage"},"thumbnailUrl":"https:\/\/atlantisdilkursu.com\/wp-content\/uploads\/2025\/05\/WhatsApp-Image-2025-02-10-at-23.00.31-1.jpeg","datePublished":"2025-05-04T08:30:53+00:00","dateModified":"2025-05-07T17:03:25+00:00","breadcrumb":{"@id":"https:\/\/atlantisdilkursu.com\/projekte-2\/#breadcrumb"},"inLanguage":"tr","potentialAction":[{"@type":"ReadAction","target":["https:\/\/atlantisdilkursu.com\/projekte-2\/"]}]},{"@type":"ImageObject","inLanguage":"tr","@id":"https:\/\/atlantisdilkursu.com\/projekte-2\/#primaryimage","url":"https:\/\/atlantisdilkursu.com\/wp-content\/uploads\/2025\/05\/WhatsApp-Image-2025-02-10-at-23.00.31-1.jpeg","contentUrl":"https:\/\/atlantisdilkursu.com\/wp-content\/uploads\/2025\/05\/WhatsApp-Image-2025-02-10-at-23.00.31-1.jpeg"},{"@type":"BreadcrumbList","@id":"https:\/\/atlantisdilkursu.com\/projekte-2\/#breadcrumb","itemListElement":[{"@type":"ListItem","position":1,"name":"Home","item":"https:\/\/atlantisdilkursu.com\/"},{"@type":"ListItem","position":2,"name":"PROJEKTE"}]},{"@type":"WebSite","@id":"https:\/\/atlantisdilkursu.com\/#website","url":"https:\/\/atlantisdilkursu.com\/","name":"Atlantis Dil Kursu","description":"Almanya'da Hem\u015fire Olarak \u00c7al\u0131\u015fmak.","publisher":{"@id":"https:\/\/atlantisdilkursu.com\/#organization"},"potentialAction":[{"@type":"SearchAction","target":{"@type":"EntryPoint","urlTemplate":"https:\/\/atlantisdilkursu.com\/?s={search_term_string}"},"query-input":{"@type":"PropertyValueSpecification","valueRequired":true,"valueName":"search_term_string"}}],"inLanguage":"tr"},{"@type":"Organization","@id":"https:\/\/atlantisdilkursu.com\/#organization","name":"Atlantis Dil Kursu","url":"https:\/\/atlantisdilkursu.com\/","logo":{"@type":"ImageObject","inLanguage":"tr","@id":"https:\/\/atlantisdilkursu.com\/#\/schema\/logo\/image\/","url":"https:\/\/atlantisdilkursu.com\/wp-content\/uploads\/2025\/05\/cropped-Logo-Atlantis-Dilkursu.png","contentUrl":"https:\/\/atlantisdilkursu.com\/wp-content\/uploads\/2025\/05\/cropped-Logo-Atlantis-Dilkursu.png","width":989,"height":753,"caption":"Atlantis Dil Kursu"},"image":{"@id":"https:\/\/atlantisdilkursu.com\/#\/schema\/logo\/image\/"}}]}},"_links":{"self":[{"href":"https:\/\/atlantisdilkursu.com\/tr\/wp-json\/wp\/v2\/pages\/6575","targetHints":{"allow":["GET"]}}],"collection":[{"href":"https:\/\/atlantisdilkursu.com\/tr\/wp-json\/wp\/v2\/pages"}],"about":[{"href":"https:\/\/atlantisdilkursu.com\/tr\/wp-json\/wp\/v2\/types\/page"}],"author":[{"embeddable":true,"href":"https:\/\/atlantisdilkursu.com\/tr\/wp-json\/wp\/v2\/users\/1"}],"replies":[{"embeddable":true,"href":"https:\/\/atlantisdilkursu.com\/tr\/wp-json\/wp\/v2\/comments?post=6575"}],"version-history":[{"count":13,"href":"https:\/\/atlantisdilkursu.com\/tr\/wp-json\/wp\/v2\/pages\/6575\/revisions"}],"predecessor-version":[{"id":6820,"href":"https:\/\/atlantisdilkursu.com\/tr\/wp-json\/wp\/v2\/pages\/6575\/revisions\/6820"}],"wp:attachment":[{"href":"https:\/\/atlantisdilkursu.com\/tr\/wp-json\/wp\/v2\/media?parent=6575"}],"curies":[{"name":"wp","href":"https:\/\/api.w.org\/{rel}","templated":true}]}}