{"id":6493,"date":"2025-05-03T22:30:34","date_gmt":"2025-05-03T22:30:34","guid":{"rendered":"https:\/\/atlantisdilkursu.com\/?page_id=6493"},"modified":"2025-05-07T17:04:10","modified_gmt":"2025-05-07T17:04:10","slug":"kontakt","status":"publish","type":"page","link":"https:\/\/atlantisdilkursu.com\/tr\/kontakt\/","title":{"rendered":"Bize ula\u015f\u0131n"},"content":{"rendered":"<div data-elementor-type=\"wp-page\" data-elementor-id=\"6493\" class=\"elementor elementor-6493\">\n\t\t\t\t<div class=\"elementor-element elementor-element-80b404c e-flex e-con-boxed e-con e-parent\" data-id=\"80b404c\" data-element_type=\"container\" data-e-type=\"container\">\n\t\t\t\t\t<div class=\"e-con-inner\">\n\t\t<div class=\"elementor-element elementor-element-8d9ebd9 e-con-full e-flex e-con e-child\" data-id=\"8d9ebd9\" data-element_type=\"container\" data-e-type=\"container\">\n\t\t<div class=\"elementor-element elementor-element-0d1802d e-con-full e-flex e-con e-child\" data-id=\"0d1802d\" data-element_type=\"container\" data-e-type=\"container\">\n\t\t\t\t<div class=\"elementor-element elementor-element-580ade3 elementor-widget elementor-widget-edcare_contact_form\" data-id=\"580ade3\" data-element_type=\"widget\" data-e-type=\"widget\" data-widget_type=\"edcare_contact_form.default\">\n\t\t\t\t<div class=\"elementor-widget-container\">\n\t\t\t\t\t\r\n\t\t\r\n            <div class=\"blog-contact-form contact-form\">\r\n                                    <h2 class=\"title mb-0\">\r\n                        Bizimle ileti\u015fime ge\u00e7in                    <\/h2>\r\n                                                    <p class=\"mb-30 mt-10\">\r\n                        Kurslar\u0131m\u0131z hakk\u0131nda sorular\u0131n\u0131z m\u0131 var, kay\u0131t olmak m\u0131 istiyorsunuz veya do\u011fru program\u0131 se\u00e7mek i\u00e7in yard\u0131ma m\u0131 ihtiyac\u0131n\u0131z var?\nAtlantis Dilkursu ekibimiz size yard\u0131mc\u0131 olmaktan mutluluk duyacakt\u0131r. Formu doldurman\u0131z yeterlidir; online veya s\u0131n\u0131f i\u00e7i kurslar, \u015firket teklifleri veya \u00f6zel programlar i\u00e7in m\u00fcmk\u00fcn olan en k\u0131sa s\u00fcrede size geri d\u00f6nece\u011fiz.\n\nSizden haber bekliyoruz!                    <\/p>\r\n                                                    \n<div class=\"wpcf7 no-js\" id=\"wpcf7-f17-o1\" lang=\"en-US\" dir=\"ltr\" data-wpcf7-id=\"17\">\n<div class=\"screen-reader-response\"><p role=\"status\" aria-live=\"polite\" aria-atomic=\"true\"><\/p> <ul><\/ul><\/div>\n<form action=\"\/tr\/wp-json\/wp\/v2\/pages\/6493#wpcf7-f17-o1\" method=\"post\" class=\"wpcf7-form init\" aria-label=\"\u0130leti\u015fim formu\" novalidate=\"novalidate\" data-status=\"init\" data-trp-original-action=\"\/tr\/wp-json\/wp\/v2\/pages\/6493#wpcf7-f17-o1\">\n<fieldset class=\"hidden-fields-container\"><input type=\"hidden\" name=\"_wpcf7\" value=\"17\"><input type=\"hidden\" name=\"_wpcf7_version\" value=\"6.1.5\"><input type=\"hidden\" name=\"_wpcf7_locale\" value=\"en_US\"><input type=\"hidden\" name=\"_wpcf7_unit_tag\" value=\"wpcf7-f17-o1\"><input type=\"hidden\" name=\"_wpcf7_container_post\" value=\"0\"><input type=\"hidden\" name=\"_wpcf7_posted_data_hash\" value=\"\"><input type=\"hidden\" name=\"_wpcf7_recaptcha_response\" value=\"\">\n<\/fieldset>\n<label> Sizin ad\u0131n\u0131z\n    <span class=\"wpcf7-form-control-wrap\" data-name=\"your-name\"><input size=\"40\" maxlength=\"400\" class=\"wpcf7-form-control wpcf7-text wpcf7-validates-as-required\" aria-required=\"true\" aria-invalid=\"false\" placeholder=\"L\u00fctfen tam ad\u0131n\u0131z\u0131 girin\" value=\"\" type=\"text\" name=\"your-name\"><\/span>\n<\/label>\n\n<label> E-posta adresiniz\n    <span class=\"wpcf7-form-control-wrap\" data-name=\"your-email\"><input size=\"40\" maxlength=\"400\" class=\"wpcf7-form-control wpcf7-email wpcf7-validates-as-required wpcf7-text wpcf7-validates-as-email\" aria-required=\"true\" aria-invalid=\"false\" placeholder=\"E-posta adresiniz\" value=\"\" type=\"email\" name=\"your-email\"><\/span>\n<\/label>\n\n<label> Konu\n    <span class=\"wpcf7-form-control-wrap\" data-name=\"your-subject\"><input size=\"40\" maxlength=\"400\" class=\"wpcf7-form-control wpcf7-text wpcf7-validates-as-required\" aria-required=\"true\" aria-invalid=\"false\" placeholder=\"Ne hakk\u0131nda?\" value=\"\" type=\"text\" name=\"your-subject\"><\/span>\n<\/label>\n\n<label> Mesaj\u0131n\u0131z (iste\u011fe ba\u011fl\u0131)\n    <span class=\"wpcf7-form-control-wrap\" data-name=\"your-message\"><textarea cols=\"40\" rows=\"10\" maxlength=\"2000\" class=\"wpcf7-form-control wpcf7-textarea\" aria-invalid=\"false\" placeholder=\"Bize mesaj\u0131n\u0131z\u0131 yaz\u0131n\" name=\"your-message\"><\/textarea><\/span>\n<\/label>\n\n<span class=\"wpcf7-form-control-wrap recaptcha\" data-name=\"recaptcha\"><span data-sitekey=\"6LeUs1YrAAAAAJpXpftSwfaEm7YOCSHipS-Ck3Pi\" class=\"wpcf7-form-control wpcf7-recaptcha g-recaptcha\"><\/span>\r\n<noscript>\r\n\t<div class=\"grecaptcha-noscript\">\r\n\t\t<div class=\"embed-privacy-container is-disabled embed-www-google-com\" data-embed-id=\"oembed_473bb314d8c570fb8baf2be2c4303613\" data-embed-provider=\"www-google-com\" style=\"aspect-ratio: 310\/430;\">\t\t\t\t\t\t<button type=\"button\" class=\"embed-privacy-enable screen-reader-text\">www.google.com adresinden i\u00e7erik g\u00f6r\u00fcnt\u00fcleme<\/button>\t\t\t\t\t\t<div class=\"embed-privacy-overlay\">\t\t\t\t<div class=\"embed-privacy-inner\">\t\t\t\t\t\t\t<p>\t\twww.google.com adresindeki i\u00e7eri\u011fi g\u00f6r\u00fcnt\u00fclemek i\u00e7in buraya t\u0131klay\u0131n.\t\t<\/p>\t\t<p class=\"embed-privacy-input-wrapper\">\t\t\t<input id=\"embed-privacy-store-www-google-com-473bb314d8c570fb8baf2be2c4303613\" type=\"checkbox\" value=\"1\" class=\"embed-privacy-input\" data-embed-provider=\"www-google-com\">\t\t\t<label for=\"embed-privacy-store-www-google-com-473bb314d8c570fb8baf2be2c4303613\" class=\"embed-privacy-label\" data-embed-provider=\"www-google-com\">\t\t\t\t\u0130\u00e7eri\u011fi her zaman www.google.com adresinden g\u00f6r\u00fcnt\u00fcleyin\t\t\t<\/label>\t\t<\/p>\t\t\t\t\t\t<\/div>\t\t\t\t\t\t\t\t<div class=\"embed-privacy-footer\"><span class=\"embed-privacy-url\"><a href=\"https:\/\/www.google.com\/recaptcha\/api\/fallback?k=6LeUs1YrAAAAAJpXpftSwfaEm7YOCSHipS-Ck3Pi\">\u0130\u00e7eri\u011fi do\u011frudan a\u00e7\u0131n<\/a><\/span><\/div>\t\t\t<\/div>\t\t\t\t\t\t<div class=\"embed-privacy-content\">\t\t\t\t<script>var _oembed_473bb314d8c570fb8baf2be2c4303613 = '{\\\"embed\\\":\\\"&lt;iframe src=&quot;https:\\\\\/\\\\\/www.google.com\\\\\/recaptcha\\\\\/api\\\\\/fallback?k=6LeUs1YrAAAAAJpXpftSwfaEm7YOCSHipS-Ck3Pi&quot; frameborder=&quot;0&quot; scrolling=&quot;no&quot; width=&quot;310&quot; height=&quot;430&quot;&gt; &lt;\\\\\/iframe&gt;\\\"}';<\/script>\t\t\t<\/div>\t\t<\/div>\r\n\t\t<textarea name=\"g-recaptcha-response\" rows=\"3\" cols=\"40\" placeholder=\"reCaptcha Yan\u0131t\u0131 Burada\">\r\n\t\t<\/textarea>\r\n\t<\/div>\r\n<\/noscript>\r\n<\/span>\n\n<input class=\"wpcf7-form-control wpcf7-submit has-spinner\" type=\"submit\" value=\"G\u00f6nderme\"><div class=\"wpcf7-response-output\" aria-hidden=\"true\"><\/div>\n<input type=\"hidden\" name=\"trp-form-language\" value=\"tr\"\/><\/form>\n<\/div>\n\r\n                            <\/div>\r\n\r\n\t\t\r\n        \t\t\t\t<\/div>\n\t\t\t\t<\/div>\n\t\t\t\t<\/div>\n\t\t<div class=\"elementor-element elementor-element-183f7f1 e-con-full e-flex e-con e-child\" data-id=\"183f7f1\" data-element_type=\"container\" data-e-type=\"container\">\n\t\t\t\t<div class=\"elementor-element elementor-element-2e64664 elementor-widget elementor-widget-edcare_contact_info\" data-id=\"2e64664\" data-element_type=\"widget\" data-e-type=\"widget\" data-widget_type=\"edcare_contact_info.default\">\n\t\t\t\t<div class=\"elementor-widget-container\">\n\t\t\t\t\t\r\n            <div class=\"contact-content\">\r\n                <div class=\"contact-top\">\r\n                                            <h3 class=\"title\">\r\n                            \u0130leti\u015fim bilgileri                        <\/h3>\r\n                                                                <p>Bizi \u015fahsen ziyaret edin veya ki\u015fiselle\u015ftirilmi\u015f bir dan\u0131\u015fmanl\u0131k i\u00e7in bizimle ileti\u015fime ge\u00e7in. Sizi g\u00f6rmek i\u00e7in sab\u0131rs\u0131zlan\u0131yoruz!<\/p>\r\n                                    <\/div>\r\n                <div class=\"contact-list\">\r\n                                            <div class=\"list-item\">\r\n                                                            <div class=\"icon\">\r\n                                    <i aria-hidden=\"true\" class=\"fal fa-phone\"><\/i>                                <\/div>\r\n                                                        <div class=\"content\">\r\n                                <h4 class=\"title\">Telefon &amp; E-Posta<\/h4>\r\n                                                                    <span>\r\n                                        <a href=\"tel:\">\r\n                                            +90 216 348 80 00                                        <\/a>\r\n                                    <\/span>\r\n                                    <span>\r\n                                        <a href=\"mailto:info@atlantisdilkursu.com\">\r\n                                            info@atlantisdilkursu.com                                        <\/a>\r\n                                    <\/span>\r\n                                                            <\/div>\r\n                        <\/div>\r\n                                            <div class=\"list-item\">\r\n                                                            <div class=\"icon\">\r\n                                    <i aria-hidden=\"true\" class=\"fal fa-map-marker-alt\"><\/i>                                <\/div>\r\n                                                        <div class=\"content\">\r\n                                <h4 class=\"title\">Adresimiz<\/h4>\r\n                                                                    <p>Cafera\u011fa, Muvakkithane Cd. No:\n14,34710 Kadik\u00f6y\/istanbul, T\u00fcrkiye<\/p>\r\n                                                            <\/div>\r\n                        <\/div>\r\n                                            <div class=\"list-item\">\r\n                                                            <div class=\"icon\">\r\n                                    <i aria-hidden=\"true\" class=\"fal fa-calendar\"><\/i>                                <\/div>\r\n                                                        <div class=\"content\">\r\n                                <h4 class=\"title\">Ofis ve kurs saatleri<\/h4>\r\n                                                                    <span>Pazartesi - Cuma: 09:00 - 20:00 Cumartesi ve Pazar: 10:30 - 18:00<\/span>\r\n                                    <span><\/span>\r\n                                                            <\/div>\r\n                        <\/div>\r\n                                    <\/div>\r\n            <\/div>\r\n\r\n        \t\t\t\t<\/div>\n\t\t\t\t<\/div>\n\t\t\t\t<\/div>\n\t\t\t\t<\/div>\n\t\t\t\t\t<\/div>\n\t\t\t\t<\/div>\n\t\t\t\t<\/div>","protected":false},"excerpt":{"rendered":"<p>Nehmen Sie Kontakt mit uns auf Sie haben Fragen zu unseren Kursen, m\u00f6chten sich anmelden oder ben\u00f6tigen Unterst\u00fctzung bei der Auswahl des passenden Programms? Unser Team von Atlantis Dilkursu ist gerne f\u00fcr Sie da. F\u00fcllen Sie einfach das Formular aus und wir melden uns schnellstm\u00f6glich bei Ihnen \u2014 ganz egal ob f\u00fcr Online- oder Pr\u00e4senzkurse, [&hellip;]<\/p>\n","protected":false},"author":1,"featured_media":0,"parent":0,"menu_order":0,"comment_status":"closed","ping_status":"closed","template":"elementor_header_footer","meta":{"footnotes":""},"class_list":["post-6493","page","type-page","status-publish","hentry"],"yoast_head":"<!-- This site is optimized with the Yoast SEO plugin v27.4 - https:\/\/yoast.com\/product\/yoast-seo-wordpress\/ -->\n<title>Kontakt - Atlantis Dil Kursu<\/title>\n<meta name=\"robots\" content=\"index, follow, max-snippet:-1, max-image-preview:large, max-video-preview:-1\" \/>\n<link rel=\"canonical\" href=\"https:\/\/atlantisdilkursu.com\/tr\/kontakt\/\" \/>\n<meta property=\"og:locale\" content=\"tr_TR\" \/>\n<meta property=\"og:type\" content=\"article\" \/>\n<meta property=\"og:title\" content=\"Kontakt - Atlantis Dil Kursu\" \/>\n<meta property=\"og:description\" content=\"Nehmen Sie Kontakt mit uns auf Sie haben Fragen zu unseren Kursen, m\u00f6chten sich anmelden oder ben\u00f6tigen Unterst\u00fctzung bei der Auswahl des passenden Programms? Unser Team von Atlantis Dilkursu ist gerne f\u00fcr Sie da. F\u00fcllen Sie einfach das Formular aus und wir melden uns schnellstm\u00f6glich bei Ihnen \u2014 ganz egal ob f\u00fcr Online- oder Pr\u00e4senzkurse, [&hellip;]\" \/>\n<meta property=\"og:url\" content=\"https:\/\/atlantisdilkursu.com\/tr\/kontakt\/\" \/>\n<meta property=\"og:site_name\" content=\"Atlantis Dil Kursu\" \/>\n<meta property=\"article:modified_time\" content=\"2025-05-07T17:04:10+00:00\" \/>\n<meta name=\"twitter:card\" content=\"summary_large_image\" \/>\n<meta name=\"twitter:label1\" content=\"Tahmini okuma s\u00fcresi\" \/>\n\t<meta name=\"twitter:data1\" content=\"1 dakika\" \/>\n<script type=\"application\/ld+json\" class=\"yoast-schema-graph\">{\"@context\":\"https:\\\/\\\/schema.org\",\"@graph\":[{\"@type\":\"WebPage\",\"@id\":\"https:\\\/\\\/atlantisdilkursu.com\\\/kontakt\\\/\",\"url\":\"https:\\\/\\\/atlantisdilkursu.com\\\/kontakt\\\/\",\"name\":\"Kontakt - Atlantis Dil Kursu\",\"isPartOf\":{\"@id\":\"https:\\\/\\\/atlantisdilkursu.com\\\/#website\"},\"datePublished\":\"2025-05-03T22:30:34+00:00\",\"dateModified\":\"2025-05-07T17:04:10+00:00\",\"breadcrumb\":{\"@id\":\"https:\\\/\\\/atlantisdilkursu.com\\\/kontakt\\\/#breadcrumb\"},\"inLanguage\":\"tr\",\"potentialAction\":[{\"@type\":\"ReadAction\",\"target\":[\"https:\\\/\\\/atlantisdilkursu.com\\\/kontakt\\\/\"]}]},{\"@type\":\"BreadcrumbList\",\"@id\":\"https:\\\/\\\/atlantisdilkursu.com\\\/kontakt\\\/#breadcrumb\",\"itemListElement\":[{\"@type\":\"ListItem\",\"position\":1,\"name\":\"Home\",\"item\":\"https:\\\/\\\/atlantisdilkursu.com\\\/\"},{\"@type\":\"ListItem\",\"position\":2,\"name\":\"Kontakt\"}]},{\"@type\":\"WebSite\",\"@id\":\"https:\\\/\\\/atlantisdilkursu.com\\\/#website\",\"url\":\"https:\\\/\\\/atlantisdilkursu.com\\\/\",\"name\":\"Atlantis Dil Kursu\",\"description\":\"Almanya'da Hem\u015fire Olarak &Ccedil;al\u0131\u015fmak.\",\"publisher\":{\"@id\":\"https:\\\/\\\/atlantisdilkursu.com\\\/#organization\"},\"potentialAction\":[{\"@type\":\"SearchAction\",\"target\":{\"@type\":\"EntryPoint\",\"urlTemplate\":\"https:\\\/\\\/atlantisdilkursu.com\\\/?s={search_term_string}\"},\"query-input\":{\"@type\":\"PropertyValueSpecification\",\"valueRequired\":true,\"valueName\":\"search_term_string\"}}],\"inLanguage\":\"tr\"},{\"@type\":\"Organization\",\"@id\":\"https:\\\/\\\/atlantisdilkursu.com\\\/#organization\",\"name\":\"Atlantis Dil Kursu\",\"url\":\"https:\\\/\\\/atlantisdilkursu.com\\\/\",\"logo\":{\"@type\":\"ImageObject\",\"inLanguage\":\"tr\",\"@id\":\"https:\\\/\\\/atlantisdilkursu.com\\\/#\\\/schema\\\/logo\\\/image\\\/\",\"url\":\"https:\\\/\\\/atlantisdilkursu.com\\\/wp-content\\\/uploads\\\/2025\\\/05\\\/cropped-Logo-Atlantis-Dilkursu.png\",\"contentUrl\":\"https:\\\/\\\/atlantisdilkursu.com\\\/wp-content\\\/uploads\\\/2025\\\/05\\\/cropped-Logo-Atlantis-Dilkursu.png\",\"width\":989,\"height\":753,\"caption\":\"Atlantis Dil Kursu\"},\"image\":{\"@id\":\"https:\\\/\\\/atlantisdilkursu.com\\\/#\\\/schema\\\/logo\\\/image\\\/\"}}]}<\/script>\n<!-- \/ Yoast SEO plugin. -->","yoast_head_json":{"title":"Kontakt - Atlantis Dil Kursu","robots":{"index":"index","follow":"follow","max-snippet":"max-snippet:-1","max-image-preview":"max-image-preview:large","max-video-preview":"max-video-preview:-1"},"canonical":"https:\/\/atlantisdilkursu.com\/tr\/kontakt\/","og_locale":"tr_TR","og_type":"article","og_title":"Kontakt - Atlantis Dil Kursu","og_description":"Nehmen Sie Kontakt mit uns auf Sie haben Fragen zu unseren Kursen, m\u00f6chten sich anmelden oder ben\u00f6tigen Unterst\u00fctzung bei der Auswahl des passenden Programms? Unser Team von Atlantis Dilkursu ist gerne f\u00fcr Sie da. F\u00fcllen Sie einfach das Formular aus und wir melden uns schnellstm\u00f6glich bei Ihnen \u2014 ganz egal ob f\u00fcr Online- oder Pr\u00e4senzkurse, [&hellip;]","og_url":"https:\/\/atlantisdilkursu.com\/tr\/kontakt\/","og_site_name":"Atlantis Dil Kursu","article_modified_time":"2025-05-07T17:04:10+00:00","twitter_card":"summary_large_image","twitter_misc":{"Tahmini okuma s\u00fcresi":"1 dakika"},"schema":{"@context":"https:\/\/schema.org","@graph":[{"@type":"WebPage","@id":"https:\/\/atlantisdilkursu.com\/kontakt\/","url":"https:\/\/atlantisdilkursu.com\/kontakt\/","name":"Kontakt - Atlantis Dil Kursu","isPartOf":{"@id":"https:\/\/atlantisdilkursu.com\/#website"},"datePublished":"2025-05-03T22:30:34+00:00","dateModified":"2025-05-07T17:04:10+00:00","breadcrumb":{"@id":"https:\/\/atlantisdilkursu.com\/kontakt\/#breadcrumb"},"inLanguage":"tr","potentialAction":[{"@type":"ReadAction","target":["https:\/\/atlantisdilkursu.com\/kontakt\/"]}]},{"@type":"BreadcrumbList","@id":"https:\/\/atlantisdilkursu.com\/kontakt\/#breadcrumb","itemListElement":[{"@type":"ListItem","position":1,"name":"Home","item":"https:\/\/atlantisdilkursu.com\/"},{"@type":"ListItem","position":2,"name":"Kontakt"}]},{"@type":"WebSite","@id":"https:\/\/atlantisdilkursu.com\/#website","url":"https:\/\/atlantisdilkursu.com\/","name":"Atlantis Dil Kursu","description":"Almanya'da Hem\u015fire Olarak \u00c7al\u0131\u015fmak.","publisher":{"@id":"https:\/\/atlantisdilkursu.com\/#organization"},"potentialAction":[{"@type":"SearchAction","target":{"@type":"EntryPoint","urlTemplate":"https:\/\/atlantisdilkursu.com\/?s={search_term_string}"},"query-input":{"@type":"PropertyValueSpecification","valueRequired":true,"valueName":"search_term_string"}}],"inLanguage":"tr"},{"@type":"Organization","@id":"https:\/\/atlantisdilkursu.com\/#organization","name":"Atlantis Dil Kursu","url":"https:\/\/atlantisdilkursu.com\/","logo":{"@type":"ImageObject","inLanguage":"tr","@id":"https:\/\/atlantisdilkursu.com\/#\/schema\/logo\/image\/","url":"https:\/\/atlantisdilkursu.com\/wp-content\/uploads\/2025\/05\/cropped-Logo-Atlantis-Dilkursu.png","contentUrl":"https:\/\/atlantisdilkursu.com\/wp-content\/uploads\/2025\/05\/cropped-Logo-Atlantis-Dilkursu.png","width":989,"height":753,"caption":"Atlantis Dil Kursu"},"image":{"@id":"https:\/\/atlantisdilkursu.com\/#\/schema\/logo\/image\/"}}]}},"_links":{"self":[{"href":"https:\/\/atlantisdilkursu.com\/tr\/wp-json\/wp\/v2\/pages\/6493","targetHints":{"allow":["GET"]}}],"collection":[{"href":"https:\/\/atlantisdilkursu.com\/tr\/wp-json\/wp\/v2\/pages"}],"about":[{"href":"https:\/\/atlantisdilkursu.com\/tr\/wp-json\/wp\/v2\/types\/page"}],"author":[{"embeddable":true,"href":"https:\/\/atlantisdilkursu.com\/tr\/wp-json\/wp\/v2\/users\/1"}],"replies":[{"embeddable":true,"href":"https:\/\/atlantisdilkursu.com\/tr\/wp-json\/wp\/v2\/comments?post=6493"}],"version-history":[{"count":13,"href":"https:\/\/atlantisdilkursu.com\/tr\/wp-json\/wp\/v2\/pages\/6493\/revisions"}],"predecessor-version":[{"id":6823,"href":"https:\/\/atlantisdilkursu.com\/tr\/wp-json\/wp\/v2\/pages\/6493\/revisions\/6823"}],"wp:attachment":[{"href":"https:\/\/atlantisdilkursu.com\/tr\/wp-json\/wp\/v2\/media?parent=6493"}],"curies":[{"name":"wp","href":"https:\/\/api.w.org\/{rel}","templated":true}]}}