{"id":6009,"date":"2024-12-08T10:34:47","date_gmt":"2024-12-08T10:34:47","guid":{"rendered":"https:\/\/wp.rrdevs.net\/edcare\/?page_id=77"},"modified":"2025-06-25T08:22:40","modified_gmt":"2025-06-25T08:22:40","slug":"contact","status":"publish","type":"page","link":"https:\/\/atlantisdilkursu.com\/tr\/contact\/","title":{"rendered":"Kay\u0131t"},"content":{"rendered":"<div data-elementor-type=\"wp-page\" data-elementor-id=\"6009\" class=\"elementor elementor-6009\">\n\t\t\t\t<div class=\"elementor-element elementor-element-80b404c e-flex e-con-boxed e-con e-parent\" data-id=\"80b404c\" data-element_type=\"container\" data-e-type=\"container\">\n\t\t\t\t\t<div class=\"e-con-inner\">\n\t\t<div class=\"elementor-element elementor-element-8d9ebd9 e-con-full e-flex e-con e-child\" data-id=\"8d9ebd9\" data-element_type=\"container\" data-e-type=\"container\">\n\t\t<div class=\"elementor-element elementor-element-0d1802d e-con-full e-flex e-con e-child\" data-id=\"0d1802d\" data-element_type=\"container\" data-e-type=\"container\">\n\t\t\t\t<div class=\"elementor-element elementor-element-580ade3 elementor-widget elementor-widget-edcare_contact_form\" data-id=\"580ade3\" data-element_type=\"widget\" data-e-type=\"widget\" data-widget_type=\"edcare_contact_form.default\">\n\t\t\t\t<div class=\"elementor-widget-container\">\n\t\t\t\t\t\r\n\t\t            \r\n            <div class=\"appointment-form\">\r\n                                    \n<div class=\"wpcf7 no-js\" id=\"wpcf7-f1210-o1\" lang=\"en-US\" dir=\"ltr\" data-wpcf7-id=\"1210\">\n<div class=\"screen-reader-response\"><p role=\"status\" aria-live=\"polite\" aria-atomic=\"true\"><\/p> <ul><\/ul><\/div>\n<form action=\"\/tr\/wp-json\/wp\/v2\/pages\/6009#wpcf7-f1210-o1\" method=\"post\" class=\"wpcf7-form init\" aria-label=\"\u0130leti\u015fim formu\" novalidate=\"novalidate\" data-status=\"init\" data-trp-original-action=\"\/tr\/wp-json\/wp\/v2\/pages\/6009#wpcf7-f1210-o1\">\n<fieldset class=\"hidden-fields-container\"><input type=\"hidden\" name=\"_wpcf7\" value=\"1210\" \/><input type=\"hidden\" name=\"_wpcf7_version\" value=\"6.1.5\" \/><input type=\"hidden\" name=\"_wpcf7_locale\" value=\"en_US\" \/><input type=\"hidden\" name=\"_wpcf7_unit_tag\" value=\"wpcf7-f1210-o1\" \/><input type=\"hidden\" name=\"_wpcf7_container_post\" value=\"0\" \/><input type=\"hidden\" name=\"_wpcf7_posted_data_hash\" value=\"\" \/><input type=\"hidden\" name=\"_wpcf7_recaptcha_response\" value=\"\" \/>\n<\/fieldset>\n<label> Se\u00e7ilmi\u015f s\u0131nav:\n<span class=\"wpcf7-form-control-wrap\" data-name=\"termin\"><input size=\"40\" maxlength=\"400\" class=\"wpcf7-form-control wpcf7-text\" readonly=\"readonly\" aria-invalid=\"false\" value=\"Kein Termin ausgew\u00e4hlt\" type=\"text\" name=\"termin\" \/><\/span>\n<\/label>\n<label>\u0130sim<\/label><br>\n<span class=\"wpcf7-form-control-wrap\" data-name=\"your-name\"><input size=\"40\" maxlength=\"400\" class=\"wpcf7-form-control wpcf7-text wpcf7-validates-as-required\" aria-required=\"true\" aria-invalid=\"false\" placeholder=\"Sizin ad\u0131n\u0131z\" value=\"\" type=\"text\" name=\"your-name\" \/><\/span><br><br>\n\n<label>Telefon numaras\u0131<\/label><br>\n<span class=\"wpcf7-form-control-wrap\" data-name=\"your-phone\"><input size=\"40\" maxlength=\"400\" class=\"wpcf7-form-control wpcf7-tel wpcf7-validates-as-required wpcf7-text wpcf7-validates-as-tel\" aria-required=\"true\" aria-invalid=\"false\" placeholder=\"Telefon numaran\u0131z\" value=\"\" type=\"tel\" name=\"your-phone\" \/><\/span><br><br>\n\n<label>E-posta adresi<\/label><br>\n<span class=\"wpcf7-form-control-wrap\" data-name=\"your-email\"><input size=\"40\" maxlength=\"400\" class=\"wpcf7-form-control wpcf7-email wpcf7-validates-as-required wpcf7-text wpcf7-validates-as-email\" aria-required=\"true\" aria-invalid=\"false\" placeholder=\"E-posta adresiniz\" value=\"\" type=\"email\" name=\"your-email\" \/><\/span><br><br>\n\n<label>Mesaj<\/label><br>\n<span class=\"wpcf7-form-control-wrap\" data-name=\"your-message\"><textarea cols=\"40\" rows=\"10\" maxlength=\"2000\" class=\"wpcf7-form-control wpcf7-textarea wpcf7-validates-as-required\" aria-required=\"true\" aria-invalid=\"false\" placeholder=\"Mesaj\u0131n\u0131z\" name=\"your-message\"><\/textarea><\/span><br><br>\n\n<input class=\"wpcf7-form-control wpcf7-submit has-spinner\" type=\"submit\" value=\"G\u00f6nderme\" \/><div class=\"wpcf7-response-output\" aria-hidden=\"true\"><\/div>\n<input type=\"hidden\" name=\"trp-form-language\" value=\"tr\"\/><\/form>\n<\/div>\n\r\n                            <\/div>\r\n\r\n        \r\n        \t\t\t\t<\/div>\n\t\t\t\t<\/div>\n\t\t\t\t<\/div>\n\t\t<div class=\"elementor-element elementor-element-183f7f1 e-con-full e-flex e-con e-child\" data-id=\"183f7f1\" data-element_type=\"container\" data-e-type=\"container\">\n\t\t\t\t<div class=\"elementor-element elementor-element-a6de372 elementor-widget elementor-widget-edcare_contact_info\" data-id=\"a6de372\" data-element_type=\"widget\" data-e-type=\"widget\" data-widget_type=\"edcare_contact_info.default\">\n\t\t\t\t<div class=\"elementor-widget-container\">\n\t\t\t\t\t\r\n            <div class=\"contact-content\">\r\n                <div class=\"contact-top\">\r\n                                            <h3 class=\"title\">\r\n                            \u0130leti\u015fim bilgileri                        <\/h3>\r\n                                                                <p>Bizi \u015fahsen ziyaret edin veya ki\u015fiselle\u015ftirilmi\u015f bir dan\u0131\u015fmanl\u0131k i\u00e7in bizimle ileti\u015fime ge\u00e7in. Sizi g\u00f6rmek i\u00e7in sab\u0131rs\u0131zlan\u0131yoruz!<\/p>\r\n                                    <\/div>\r\n                <div class=\"contact-list\">\r\n                                            <div class=\"list-item\">\r\n                                                            <div class=\"icon\">\r\n                                    <i aria-hidden=\"true\" class=\"fal fa-phone\"><\/i>                                <\/div>\r\n                                                        <div class=\"content\">\r\n                                <h4 class=\"title\">Telefon &amp; E-Posta<\/h4>\r\n                                                                    <span>\r\n                                        <a href=\"tel:\">\r\n                                            +90 216 348 80 00                                        <\/a>\r\n                                    <\/span>\r\n                                    <span>\r\n                                        <a href=\"mailto:info@atlantisdilkursu.com\">\r\n                                            info@atlantisdilkursu.com                                        <\/a>\r\n                                    <\/span>\r\n                                                            <\/div>\r\n                        <\/div>\r\n                                            <div class=\"list-item\">\r\n                                                            <div class=\"icon\">\r\n                                    <i aria-hidden=\"true\" class=\"fal fa-map-marker-alt\"><\/i>                                <\/div>\r\n                                                        <div class=\"content\">\r\n                                <h4 class=\"title\">Adresimiz<\/h4>\r\n                                                                    <p>Cafera\u011fa, Muvakkithane Cd. No:\n14,34710 Kadik\u00f6y\/istanbul, T\u00fcrkiye<\/p>\r\n                                                            <\/div>\r\n                        <\/div>\r\n                                            <div class=\"list-item\">\r\n                                                            <div class=\"icon\">\r\n                                    <i aria-hidden=\"true\" class=\"fal fa-calendar\"><\/i>                                <\/div>\r\n                                                        <div class=\"content\">\r\n                                <h4 class=\"title\">Ofis ve kurs saatleri<\/h4>\r\n                                                                    <span>Pazartesi - Cuma: 09:00 - 20:00 Cumartesi ve Pazar: 10:30 - 18:00<\/span>\r\n                                    <span><\/span>\r\n                                                            <\/div>\r\n                        <\/div>\r\n                                    <\/div>\r\n            <\/div>\r\n\r\n        \t\t\t\t<\/div>\n\t\t\t\t<\/div>\n\t\t\t\t<\/div>\n\t\t\t\t<\/div>\n\t\t\t\t\t<\/div>\n\t\t\t\t<\/div>\n\t\t\t\t<\/div>","protected":false},"excerpt":{"rendered":"<p>Ausgew\u00e4hlte Pr\u00fcfung: Name Telefonnummer E-Mail Adresse Nachricht Kontaktdaten Besuche uns pers\u00f6nlich oder kontaktiere uns f\u00fcr eine individuelle Beratung. Wir freuen uns auf dich! Telefon &#038; E-Mail +90 216 348 80 00 info@atlantisdilkursu.com Unsere Adresse Caferaga, Muvakkithane Cd. No: 14,34710 Kadik\u00f6y\/istanbul, T\u00fcrkei B\u00fcro- und Kurszeiten Montag \u2013 Freitag: 09:00 \u2013 20:00 Uhr Samstag &#038; Sonntag: 10:30 [&hellip;]<\/p>\n","protected":false},"author":1,"featured_media":0,"parent":0,"menu_order":0,"comment_status":"closed","ping_status":"closed","template":"elementor_header_footer","meta":{"footnotes":""},"class_list":["post-6009","page","type-page","status-publish","hentry"],"yoast_head":"<!-- This site is optimized with the Yoast SEO plugin v27.4 - https:\/\/yoast.com\/product\/yoast-seo-wordpress\/ -->\n<title>Anmeldung - Atlantis Dil Kursu<\/title>\n<meta name=\"robots\" content=\"index, follow, max-snippet:-1, max-image-preview:large, max-video-preview:-1\" \/>\n<link rel=\"canonical\" href=\"https:\/\/atlantisdilkursu.com\/tr\/contact\/\" \/>\n<meta property=\"og:locale\" content=\"tr_TR\" \/>\n<meta property=\"og:type\" content=\"article\" \/>\n<meta property=\"og:title\" content=\"Anmeldung - Atlantis Dil Kursu\" \/>\n<meta property=\"og:description\" content=\"Ausgew\u00e4hlte Pr\u00fcfung: Name Telefonnummer E-Mail Adresse Nachricht Kontaktdaten Besuche uns pers\u00f6nlich oder kontaktiere uns f\u00fcr eine individuelle Beratung. Wir freuen uns auf dich! Telefon &#038; E-Mail +90 216 348 80 00 info@atlantisdilkursu.com Unsere Adresse Caferaga, Muvakkithane Cd. No: 14,34710 Kadik\u00f6y\/istanbul, T\u00fcrkei B\u00fcro- und Kurszeiten Montag \u2013 Freitag: 09:00 \u2013 20:00 Uhr Samstag &#038; Sonntag: 10:30 [&hellip;]\" \/>\n<meta property=\"og:url\" content=\"https:\/\/atlantisdilkursu.com\/tr\/contact\/\" \/>\n<meta property=\"og:site_name\" content=\"Atlantis Dil Kursu\" \/>\n<meta property=\"article:modified_time\" content=\"2025-06-25T08:22:40+00:00\" \/>\n<meta name=\"twitter:card\" content=\"summary_large_image\" \/>\n<meta name=\"twitter:label1\" content=\"Tahmini okuma s\u00fcresi\" \/>\n\t<meta name=\"twitter:data1\" content=\"1 dakika\" \/>\n<script type=\"application\/ld+json\" class=\"yoast-schema-graph\">{\"@context\":\"https:\\\/\\\/schema.org\",\"@graph\":[{\"@type\":\"WebPage\",\"@id\":\"https:\\\/\\\/atlantisdilkursu.com\\\/contact\\\/\",\"url\":\"https:\\\/\\\/atlantisdilkursu.com\\\/contact\\\/\",\"name\":\"Anmeldung - Atlantis Dil Kursu\",\"isPartOf\":{\"@id\":\"https:\\\/\\\/atlantisdilkursu.com\\\/#website\"},\"datePublished\":\"2024-12-08T10:34:47+00:00\",\"dateModified\":\"2025-06-25T08:22:40+00:00\",\"breadcrumb\":{\"@id\":\"https:\\\/\\\/atlantisdilkursu.com\\\/contact\\\/#breadcrumb\"},\"inLanguage\":\"tr\",\"potentialAction\":[{\"@type\":\"ReadAction\",\"target\":[\"https:\\\/\\\/atlantisdilkursu.com\\\/contact\\\/\"]}]},{\"@type\":\"BreadcrumbList\",\"@id\":\"https:\\\/\\\/atlantisdilkursu.com\\\/contact\\\/#breadcrumb\",\"itemListElement\":[{\"@type\":\"ListItem\",\"position\":1,\"name\":\"Home\",\"item\":\"https:\\\/\\\/atlantisdilkursu.com\\\/\"},{\"@type\":\"ListItem\",\"position\":2,\"name\":\"Anmeldung\"}]},{\"@type\":\"WebSite\",\"@id\":\"https:\\\/\\\/atlantisdilkursu.com\\\/#website\",\"url\":\"https:\\\/\\\/atlantisdilkursu.com\\\/\",\"name\":\"Atlantis Dil Kursu\",\"description\":\"Almanya'da Hem\u015fire Olarak &Ccedil;al\u0131\u015fmak.\",\"publisher\":{\"@id\":\"https:\\\/\\\/atlantisdilkursu.com\\\/#organization\"},\"potentialAction\":[{\"@type\":\"SearchAction\",\"target\":{\"@type\":\"EntryPoint\",\"urlTemplate\":\"https:\\\/\\\/atlantisdilkursu.com\\\/?s={search_term_string}\"},\"query-input\":{\"@type\":\"PropertyValueSpecification\",\"valueRequired\":true,\"valueName\":\"search_term_string\"}}],\"inLanguage\":\"tr\"},{\"@type\":\"Organization\",\"@id\":\"https:\\\/\\\/atlantisdilkursu.com\\\/#organization\",\"name\":\"Atlantis Dil Kursu\",\"url\":\"https:\\\/\\\/atlantisdilkursu.com\\\/\",\"logo\":{\"@type\":\"ImageObject\",\"inLanguage\":\"tr\",\"@id\":\"https:\\\/\\\/atlantisdilkursu.com\\\/#\\\/schema\\\/logo\\\/image\\\/\",\"url\":\"https:\\\/\\\/atlantisdilkursu.com\\\/wp-content\\\/uploads\\\/2025\\\/05\\\/cropped-Logo-Atlantis-Dilkursu.png\",\"contentUrl\":\"https:\\\/\\\/atlantisdilkursu.com\\\/wp-content\\\/uploads\\\/2025\\\/05\\\/cropped-Logo-Atlantis-Dilkursu.png\",\"width\":989,\"height\":753,\"caption\":\"Atlantis Dil Kursu\"},\"image\":{\"@id\":\"https:\\\/\\\/atlantisdilkursu.com\\\/#\\\/schema\\\/logo\\\/image\\\/\"}}]}<\/script>\n<!-- \/ Yoast SEO plugin. -->","yoast_head_json":{"title":"Anmeldung - Atlantis Dil Kursu","robots":{"index":"index","follow":"follow","max-snippet":"max-snippet:-1","max-image-preview":"max-image-preview:large","max-video-preview":"max-video-preview:-1"},"canonical":"https:\/\/atlantisdilkursu.com\/tr\/contact\/","og_locale":"tr_TR","og_type":"article","og_title":"Anmeldung - Atlantis Dil Kursu","og_description":"Ausgew\u00e4hlte Pr\u00fcfung: Name Telefonnummer E-Mail Adresse Nachricht Kontaktdaten Besuche uns pers\u00f6nlich oder kontaktiere uns f\u00fcr eine individuelle Beratung. Wir freuen uns auf dich! Telefon &#038; E-Mail +90 216 348 80 00 info@atlantisdilkursu.com Unsere Adresse Caferaga, Muvakkithane Cd. No: 14,34710 Kadik\u00f6y\/istanbul, T\u00fcrkei B\u00fcro- und Kurszeiten Montag \u2013 Freitag: 09:00 \u2013 20:00 Uhr Samstag &#038; Sonntag: 10:30 [&hellip;]","og_url":"https:\/\/atlantisdilkursu.com\/tr\/contact\/","og_site_name":"Atlantis Dil Kursu","article_modified_time":"2025-06-25T08:22:40+00:00","twitter_card":"summary_large_image","twitter_misc":{"Tahmini okuma s\u00fcresi":"1 dakika"},"schema":{"@context":"https:\/\/schema.org","@graph":[{"@type":"WebPage","@id":"https:\/\/atlantisdilkursu.com\/contact\/","url":"https:\/\/atlantisdilkursu.com\/contact\/","name":"Anmeldung - Atlantis Dil Kursu","isPartOf":{"@id":"https:\/\/atlantisdilkursu.com\/#website"},"datePublished":"2024-12-08T10:34:47+00:00","dateModified":"2025-06-25T08:22:40+00:00","breadcrumb":{"@id":"https:\/\/atlantisdilkursu.com\/contact\/#breadcrumb"},"inLanguage":"tr","potentialAction":[{"@type":"ReadAction","target":["https:\/\/atlantisdilkursu.com\/contact\/"]}]},{"@type":"BreadcrumbList","@id":"https:\/\/atlantisdilkursu.com\/contact\/#breadcrumb","itemListElement":[{"@type":"ListItem","position":1,"name":"Home","item":"https:\/\/atlantisdilkursu.com\/"},{"@type":"ListItem","position":2,"name":"Anmeldung"}]},{"@type":"WebSite","@id":"https:\/\/atlantisdilkursu.com\/#website","url":"https:\/\/atlantisdilkursu.com\/","name":"Atlantis Dil Kursu","description":"Almanya'da Hem\u015fire Olarak \u00c7al\u0131\u015fmak.","publisher":{"@id":"https:\/\/atlantisdilkursu.com\/#organization"},"potentialAction":[{"@type":"SearchAction","target":{"@type":"EntryPoint","urlTemplate":"https:\/\/atlantisdilkursu.com\/?s={search_term_string}"},"query-input":{"@type":"PropertyValueSpecification","valueRequired":true,"valueName":"search_term_string"}}],"inLanguage":"tr"},{"@type":"Organization","@id":"https:\/\/atlantisdilkursu.com\/#organization","name":"Atlantis Dil Kursu","url":"https:\/\/atlantisdilkursu.com\/","logo":{"@type":"ImageObject","inLanguage":"tr","@id":"https:\/\/atlantisdilkursu.com\/#\/schema\/logo\/image\/","url":"https:\/\/atlantisdilkursu.com\/wp-content\/uploads\/2025\/05\/cropped-Logo-Atlantis-Dilkursu.png","contentUrl":"https:\/\/atlantisdilkursu.com\/wp-content\/uploads\/2025\/05\/cropped-Logo-Atlantis-Dilkursu.png","width":989,"height":753,"caption":"Atlantis Dil Kursu"},"image":{"@id":"https:\/\/atlantisdilkursu.com\/#\/schema\/logo\/image\/"}}]}},"_links":{"self":[{"href":"https:\/\/atlantisdilkursu.com\/tr\/wp-json\/wp\/v2\/pages\/6009","targetHints":{"allow":["GET"]}}],"collection":[{"href":"https:\/\/atlantisdilkursu.com\/tr\/wp-json\/wp\/v2\/pages"}],"about":[{"href":"https:\/\/atlantisdilkursu.com\/tr\/wp-json\/wp\/v2\/types\/page"}],"author":[{"embeddable":true,"href":"https:\/\/atlantisdilkursu.com\/tr\/wp-json\/wp\/v2\/users\/1"}],"replies":[{"embeddable":true,"href":"https:\/\/atlantisdilkursu.com\/tr\/wp-json\/wp\/v2\/comments?post=6009"}],"version-history":[{"count":16,"href":"https:\/\/atlantisdilkursu.com\/tr\/wp-json\/wp\/v2\/pages\/6009\/revisions"}],"predecessor-version":[{"id":7113,"href":"https:\/\/atlantisdilkursu.com\/tr\/wp-json\/wp\/v2\/pages\/6009\/revisions\/7113"}],"wp:attachment":[{"href":"https:\/\/atlantisdilkursu.com\/tr\/wp-json\/wp\/v2\/media?parent=6009"}],"curies":[{"name":"wp","href":"https:\/\/api.w.org\/{rel}","templated":true}]}}