{"id":3,"date":"2025-04-30T10:27:00","date_gmt":"2025-04-30T10:27:00","guid":{"rendered":"https:\/\/atlantisdilkursu.com\/?page_id=3"},"modified":"2025-06-28T19:01:04","modified_gmt":"2025-06-28T19:01:04","slug":"impressum","status":"publish","type":"page","link":"https:\/\/atlantisdilkursu.com\/tr\/impressum\/","title":{"rendered":"K\u00fcnye"},"content":{"rendered":"<div data-elementor-type=\"wp-page\" data-elementor-id=\"3\" class=\"elementor elementor-3\">\n\t\t\t\t<div class=\"elementor-element elementor-element-4de17342 e-flex e-con-boxed e-con e-parent\" data-id=\"4de17342\" data-element_type=\"container\" data-e-type=\"container\">\n\t\t\t\t\t<div class=\"e-con-inner\">\n\t\t\t\t<div class=\"elementor-element elementor-element-3cffac35 elementor-widget elementor-widget-text-editor\" data-id=\"3cffac35\" data-element_type=\"widget\" data-e-type=\"widget\" data-widget_type=\"text-editor.default\">\n\t\t\t\t<div class=\"elementor-widget-container\">\n\t\t\t\t\t\t\t\t\t<section id=\"impressum\">\n<h2>\u0130mprint<\/h2>\n<p><strong>\u015eirket Ad\u0131:<\/strong><br \/>Atlantis Almanca Kursu E\u011fitim Dan\u0131\u015fmanl\u0131k Limited \u015eirketi<\/p>\n<p><strong>Adres:<\/strong><br \/>Kad\u0131k\u00f6y, \u0130stanbul, T\u00fcrkiye<\/p>\n<p><strong>Telefon Numaras\u0131:<\/strong><br \/>+90 216 348 80 00<\/p>\n<p><strong>E-posta Adresi:<\/strong><br \/>info@atlantisdilkursu.com<\/p>\n<p><strong>Vergi Numaras\u0131:<\/strong><br \/>Kad\u0131k\u00f6y VD \/ 1234567890<\/p>\n<p><strong>Yetkili Ki\u015fi:<\/strong><br \/>\u00c7etin<\/p>\n<p><strong>Ticaret Sicil Kayd\u0131:<\/strong><br \/>\u0130stanbul Ticaret Sicil M\u00fcd\u00fcrl\u00fc\u011f\u00fc'ne kay\u0131tl\u0131d\u0131r.<\/p>\n<p><em>Sorumluluk Reddi: Sitemizde yer alan harici ba\u011flant\u0131lar\u0131n i\u00e7eri\u011finden firmam\u0131z sorumlu de\u011fildir. Ba\u011flant\u0131 verilen sayfalar\u0131n i\u00e7eri\u011finden yaln\u0131zca ilgili site sahipleri sorumludur.<\/em><\/p>\n<\/section>\t\t\t\t\t\t\t\t<\/div>\n\t\t\t\t<\/div>\n\t\t\t\t\t<\/div>\n\t\t\t\t<\/div>\n\t\t\t\t<\/div>","protected":false},"excerpt":{"rendered":"<p>\u0130mpressum \u015eirket Ad\u0131:Atlantis Almanca Kursu E\u011fitim Dan\u0131\u015fmanl\u0131k Limited \u015eirketi Adres:Kad\u0131k\u00f6y, \u0130stanbul, T\u00fcrkiye Telefon Numaras\u0131:+90 216 348 80 00 E-posta Adresi:info@atlantisdilkursu.com Vergi Numaras\u0131:Kad\u0131k\u00f6y VD \/ 1234567890 Yetkili Ki\u015fi:Cetin Ticaret Sicil Kayd\u0131:\u0130stanbul Ticaret Sicil M\u00fcd\u00fcrl\u00fc\u011f\u00fc\u2019ne kay\u0131tl\u0131d\u0131r. Sorumluluk Reddi: Sitemizde yer alan harici ba\u011flant\u0131lar\u0131n i\u00e7eri\u011finden firmam\u0131z sorumlu de\u011fildir. Ba\u011flant\u0131 verilen sayfalar\u0131n i\u00e7eri\u011finden yaln\u0131zca ilgili site sahipleri sorumludur.<\/p>","protected":false},"author":1,"featured_media":0,"parent":0,"menu_order":0,"comment_status":"closed","ping_status":"open","template":"","meta":{"footnotes":""},"class_list":["post-3","page","type-page","status-publish","hentry"],"yoast_head":"<!-- This site is optimized with the Yoast SEO plugin v27.4 - https:\/\/yoast.com\/product\/yoast-seo-wordpress\/ -->\n<title>Impressum - Atlantis Dil Kursu<\/title>\n<meta name=\"robots\" content=\"index, follow, max-snippet:-1, max-image-preview:large, max-video-preview:-1\" \/>\n<link rel=\"canonical\" href=\"https:\/\/atlantisdilkursu.com\/tr\/impressum\/\" \/>\n<meta property=\"og:locale\" content=\"tr_TR\" \/>\n<meta property=\"og:type\" content=\"article\" \/>\n<meta property=\"og:title\" content=\"Impressum - Atlantis Dil Kursu\" \/>\n<meta property=\"og:description\" content=\"\u0130mpressum \u015eirket Ad\u0131:Atlantis Almanca Kursu E\u011fitim Dan\u0131\u015fmanl\u0131k Limited \u015eirketi Adres:Kad\u0131k\u00f6y, \u0130stanbul, T\u00fcrkiye Telefon Numaras\u0131:+90 216 348 80 00 E-posta Adresi:info@atlantisdilkursu.com Vergi Numaras\u0131:Kad\u0131k\u00f6y VD \/ 1234567890 Yetkili Ki\u015fi:Cetin Ticaret Sicil Kayd\u0131:\u0130stanbul Ticaret Sicil M\u00fcd\u00fcrl\u00fc\u011f\u00fc\u2019ne kay\u0131tl\u0131d\u0131r. Sorumluluk Reddi: Sitemizde yer alan harici ba\u011flant\u0131lar\u0131n i\u00e7eri\u011finden firmam\u0131z sorumlu de\u011fildir. Ba\u011flant\u0131 verilen sayfalar\u0131n i\u00e7eri\u011finden yaln\u0131zca ilgili site sahipleri sorumludur.\" \/>\n<meta property=\"og:url\" content=\"https:\/\/atlantisdilkursu.com\/tr\/impressum\/\" \/>\n<meta property=\"og:site_name\" content=\"Atlantis Dil Kursu\" \/>\n<meta property=\"article:modified_time\" content=\"2025-06-28T19:01:04+00:00\" \/>\n<meta name=\"twitter:card\" content=\"summary_large_image\" \/>\n<meta name=\"twitter:label1\" content=\"Tahmini okuma s\u00fcresi\" \/>\n\t<meta name=\"twitter:data1\" content=\"1 dakika\" \/>\n<script type=\"application\/ld+json\" class=\"yoast-schema-graph\">{\"@context\":\"https:\\\/\\\/schema.org\",\"@graph\":[{\"@type\":\"WebPage\",\"@id\":\"https:\\\/\\\/atlantisdilkursu.com\\\/impressum\\\/\",\"url\":\"https:\\\/\\\/atlantisdilkursu.com\\\/impressum\\\/\",\"name\":\"Impressum - Atlantis Dil Kursu\",\"isPartOf\":{\"@id\":\"https:\\\/\\\/atlantisdilkursu.com\\\/#website\"},\"datePublished\":\"2025-04-30T10:27:00+00:00\",\"dateModified\":\"2025-06-28T19:01:04+00:00\",\"breadcrumb\":{\"@id\":\"https:\\\/\\\/atlantisdilkursu.com\\\/impressum\\\/#breadcrumb\"},\"inLanguage\":\"tr\",\"potentialAction\":[{\"@type\":\"ReadAction\",\"target\":[\"https:\\\/\\\/atlantisdilkursu.com\\\/impressum\\\/\"]}]},{\"@type\":\"BreadcrumbList\",\"@id\":\"https:\\\/\\\/atlantisdilkursu.com\\\/impressum\\\/#breadcrumb\",\"itemListElement\":[{\"@type\":\"ListItem\",\"position\":1,\"name\":\"Home\",\"item\":\"https:\\\/\\\/atlantisdilkursu.com\\\/\"},{\"@type\":\"ListItem\",\"position\":2,\"name\":\"Impressum\"}]},{\"@type\":\"WebSite\",\"@id\":\"https:\\\/\\\/atlantisdilkursu.com\\\/#website\",\"url\":\"https:\\\/\\\/atlantisdilkursu.com\\\/\",\"name\":\"Atlantis Dil Kursu\",\"description\":\"Almanya'da Hem\u015fire Olarak &Ccedil;al\u0131\u015fmak.\",\"publisher\":{\"@id\":\"https:\\\/\\\/atlantisdilkursu.com\\\/#organization\"},\"potentialAction\":[{\"@type\":\"SearchAction\",\"target\":{\"@type\":\"EntryPoint\",\"urlTemplate\":\"https:\\\/\\\/atlantisdilkursu.com\\\/?s={search_term_string}\"},\"query-input\":{\"@type\":\"PropertyValueSpecification\",\"valueRequired\":true,\"valueName\":\"search_term_string\"}}],\"inLanguage\":\"tr\"},{\"@type\":\"Organization\",\"@id\":\"https:\\\/\\\/atlantisdilkursu.com\\\/#organization\",\"name\":\"Atlantis Dil Kursu\",\"url\":\"https:\\\/\\\/atlantisdilkursu.com\\\/\",\"logo\":{\"@type\":\"ImageObject\",\"inLanguage\":\"tr\",\"@id\":\"https:\\\/\\\/atlantisdilkursu.com\\\/#\\\/schema\\\/logo\\\/image\\\/\",\"url\":\"https:\\\/\\\/atlantisdilkursu.com\\\/wp-content\\\/uploads\\\/2025\\\/05\\\/cropped-Logo-Atlantis-Dilkursu.png\",\"contentUrl\":\"https:\\\/\\\/atlantisdilkursu.com\\\/wp-content\\\/uploads\\\/2025\\\/05\\\/cropped-Logo-Atlantis-Dilkursu.png\",\"width\":989,\"height\":753,\"caption\":\"Atlantis Dil Kursu\"},\"image\":{\"@id\":\"https:\\\/\\\/atlantisdilkursu.com\\\/#\\\/schema\\\/logo\\\/image\\\/\"}}]}<\/script>\n<!-- \/ Yoast SEO plugin. -->","yoast_head_json":{"title":"Impressum - Atlantis Dil Kursu","robots":{"index":"index","follow":"follow","max-snippet":"max-snippet:-1","max-image-preview":"max-image-preview:large","max-video-preview":"max-video-preview:-1"},"canonical":"https:\/\/atlantisdilkursu.com\/tr\/impressum\/","og_locale":"tr_TR","og_type":"article","og_title":"Impressum - Atlantis Dil Kursu","og_description":"\u0130mpressum \u015eirket Ad\u0131:Atlantis Almanca Kursu E\u011fitim Dan\u0131\u015fmanl\u0131k Limited \u015eirketi Adres:Kad\u0131k\u00f6y, \u0130stanbul, T\u00fcrkiye Telefon Numaras\u0131:+90 216 348 80 00 E-posta Adresi:info@atlantisdilkursu.com Vergi Numaras\u0131:Kad\u0131k\u00f6y VD \/ 1234567890 Yetkili Ki\u015fi:Cetin Ticaret Sicil Kayd\u0131:\u0130stanbul Ticaret Sicil M\u00fcd\u00fcrl\u00fc\u011f\u00fc\u2019ne kay\u0131tl\u0131d\u0131r. Sorumluluk Reddi: Sitemizde yer alan harici ba\u011flant\u0131lar\u0131n i\u00e7eri\u011finden firmam\u0131z sorumlu de\u011fildir. Ba\u011flant\u0131 verilen sayfalar\u0131n i\u00e7eri\u011finden yaln\u0131zca ilgili site sahipleri sorumludur.","og_url":"https:\/\/atlantisdilkursu.com\/tr\/impressum\/","og_site_name":"Atlantis Dil Kursu","article_modified_time":"2025-06-28T19:01:04+00:00","twitter_card":"summary_large_image","twitter_misc":{"Tahmini okuma s\u00fcresi":"1 dakika"},"schema":{"@context":"https:\/\/schema.org","@graph":[{"@type":"WebPage","@id":"https:\/\/atlantisdilkursu.com\/impressum\/","url":"https:\/\/atlantisdilkursu.com\/impressum\/","name":"Impressum - Atlantis Dil Kursu","isPartOf":{"@id":"https:\/\/atlantisdilkursu.com\/#website"},"datePublished":"2025-04-30T10:27:00+00:00","dateModified":"2025-06-28T19:01:04+00:00","breadcrumb":{"@id":"https:\/\/atlantisdilkursu.com\/impressum\/#breadcrumb"},"inLanguage":"tr","potentialAction":[{"@type":"ReadAction","target":["https:\/\/atlantisdilkursu.com\/impressum\/"]}]},{"@type":"BreadcrumbList","@id":"https:\/\/atlantisdilkursu.com\/impressum\/#breadcrumb","itemListElement":[{"@type":"ListItem","position":1,"name":"Home","item":"https:\/\/atlantisdilkursu.com\/"},{"@type":"ListItem","position":2,"name":"Impressum"}]},{"@type":"WebSite","@id":"https:\/\/atlantisdilkursu.com\/#website","url":"https:\/\/atlantisdilkursu.com\/","name":"Atlantis Dil Kursu","description":"Almanya'da Hem\u015fire Olarak \u00c7al\u0131\u015fmak.","publisher":{"@id":"https:\/\/atlantisdilkursu.com\/#organization"},"potentialAction":[{"@type":"SearchAction","target":{"@type":"EntryPoint","urlTemplate":"https:\/\/atlantisdilkursu.com\/?s={search_term_string}"},"query-input":{"@type":"PropertyValueSpecification","valueRequired":true,"valueName":"search_term_string"}}],"inLanguage":"tr"},{"@type":"Organization","@id":"https:\/\/atlantisdilkursu.com\/#organization","name":"Atlantis Dil Kursu","url":"https:\/\/atlantisdilkursu.com\/","logo":{"@type":"ImageObject","inLanguage":"tr","@id":"https:\/\/atlantisdilkursu.com\/#\/schema\/logo\/image\/","url":"https:\/\/atlantisdilkursu.com\/wp-content\/uploads\/2025\/05\/cropped-Logo-Atlantis-Dilkursu.png","contentUrl":"https:\/\/atlantisdilkursu.com\/wp-content\/uploads\/2025\/05\/cropped-Logo-Atlantis-Dilkursu.png","width":989,"height":753,"caption":"Atlantis Dil Kursu"},"image":{"@id":"https:\/\/atlantisdilkursu.com\/#\/schema\/logo\/image\/"}}]}},"_links":{"self":[{"href":"https:\/\/atlantisdilkursu.com\/tr\/wp-json\/wp\/v2\/pages\/3","targetHints":{"allow":["GET"]}}],"collection":[{"href":"https:\/\/atlantisdilkursu.com\/tr\/wp-json\/wp\/v2\/pages"}],"about":[{"href":"https:\/\/atlantisdilkursu.com\/tr\/wp-json\/wp\/v2\/types\/page"}],"author":[{"embeddable":true,"href":"https:\/\/atlantisdilkursu.com\/tr\/wp-json\/wp\/v2\/users\/1"}],"replies":[{"embeddable":true,"href":"https:\/\/atlantisdilkursu.com\/tr\/wp-json\/wp\/v2\/comments?post=3"}],"version-history":[{"count":10,"href":"https:\/\/atlantisdilkursu.com\/tr\/wp-json\/wp\/v2\/pages\/3\/revisions"}],"predecessor-version":[{"id":7271,"href":"https:\/\/atlantisdilkursu.com\/tr\/wp-json\/wp\/v2\/pages\/3\/revisions\/7271"}],"wp:attachment":[{"href":"https:\/\/atlantisdilkursu.com\/tr\/wp-json\/wp\/v2\/media?parent=3"}],"curies":[{"name":"wp","href":"https:\/\/api.w.org\/{rel}","templated":true}]}}